{"id":2857,"date":"2024-11-04T11:50:45","date_gmt":"2024-11-04T10:50:45","guid":{"rendered":"https:\/\/azraqgroup.com\/immobilier\/"},"modified":"2025-06-11T12:00:38","modified_gmt":"2025-06-11T10:00:38","slug":"immobilier","status":"publish","type":"page","link":"https:\/\/azraqgroup.com\/fr\/immobilier\/","title":{"rendered":"Immobilier"},"content":{"rendered":"<div id=\"immobilier\" class=\"et_d4_element et_pb_section et_pb_section_0 et_pb_with_background  et_pb_css_mix_blend_mode et_section_regular et_block_section\" >\n\t\t\t\t\n\t\t\t\t\n\t\t\t\t\n\t\t\t\t\n\t\t\t\t\n\t\t\t\t\n\t\t\t\t<div class=\"et_d4_element et_pb_row et_pb_row_0  et_pb_css_mix_blend_mode et_block_row\">\n\t\t\t\t<div class=\"et_d4_element et_pb_column_2_3 et_pb_column et_pb_column_0  et_pb_css_mix_blend_mode et_block_column\">\n\t\t\t\t\n\t\t\t\t\n\t\t\t\t\n\t\t\t\t\n\t\t\t\t<div class=\"et_pb_module et_d4_element et_pb_heading et_pb_heading_0 et_pb_bg_layout_\">\n\t\t\t\t\n\t\t\t\t\n\t\t\t\t\n\t\t\t\t\n\t\t\t\t<div class=\"et_pb_heading_container\"><h3 class=\"et_pb_module_heading\">Azraq<\/h3><\/div>\n\t\t\t<\/div><div class=\"et_pb_module et_d4_element et_pb_heading et_pb_heading_1 et_pb_bg_layout_\">\n\t\t\t\t\n\t\t\t\t\n\t\t\t\t\n\t\t\t\t\n\t\t\t\t<div class=\"et_pb_heading_container\"><h2 class=\"et_pb_module_heading\">Estate<\/h2><\/div>\n\t\t\t<\/div><div class=\"et_pb_module et_d4_element et_pb_text et_pb_text_0  et_pb_text_align_right et_pb_bg_layout_light\">\n\t\t\t\t\n\t\t\t\t\n\t\t\t\t\n\t\t\t\t\n\t\t\t\t<div class=\"et_pb_text_inner\"><p>Votre partenaire pour r\u00e9aliser des investissements viagers et d\u00e9velopper une strat\u00e9gie de portefeuille \u00e0 long terme, en construisant pour vous et votre famille un avenir serein. \u00c9tablissant une nouvelle norme de travail aux \u00c9mirats arabes unis, notre \u00e9quipe vous conseillera pour investir du capital en trouvant les meilleures opportunit\u00e9s hors march\u00e9.<\/p>\n<p>La vision d'Azraq est de tirer le meilleur parti de votre patrimoine gr\u00e2ce \u00e0 notre expertise en mati\u00e8re de gestion d'actifs, tout en assurant une gestion transparente des b\u00e2timents et en d\u00e9veloppant des strat\u00e9gies de sortie intelligentes.<\/p><\/div>\n\t\t\t<\/div><div class=\"et_pb_button_module_wrapper et_pb_button_0_wrapper et_pb_button_alignment_right et_pb_module  dbdb-icon-on-right dbdb-icon-on-hover dbdb-has-custom-padding\">\n\t\t\t\t<a class=\"et_pb_button et_d4_element et_pb_button_0 et_pb_bg_layout_light et_block_module\" href=\"https:\/\/wa.me\/message\/F2MEPDJE3QTRC1?src=qr\" target=\"_blank\">Contactez nous<\/a>\n\t\t\t<\/div>\n\t\t\t<\/div><div class=\"et_d4_element et_pb_column_1_3 et_pb_column et_pb_column_1  et_pb_css_mix_blend_mode et-last-child et_block_column et_pb_column_empty\">\n\t\t\t\t\n\t\t\t\t\n\t\t\t\t\n\t\t\t\t\n\t\t\t\t\n\t\t\t<\/div>\n\t\t\t\t\n\t\t\t\t\n\t\t\t\t\n\t\t\t\t\n\t\t\t<\/div><div class=\"et_d4_element et_pb_row et_pb_row_1 et_animated  et_pb_css_mix_blend_mode et_block_row\">\n\t\t\t\t<div class=\"et_d4_element et_pb_column_1_3 et_pb_column et_pb_column_2  et_pb_css_mix_blend_mode et_block_column\">\n\t\t\t\t\n\t\t\t\t\n\t\t\t\t\n\t\t\t\t\n\t\t\t\t<div class=\"et_pb_module et_d4_element et_pb_image et_pb_image_0\">\n\t\t\t\t\n\t\t\t\t\n\t\t\t\t\n\t\t\t\t\n\t\t\t\t<span class=\"et_pb_image_wrap \"><img loading=\"lazy\" decoding=\"async\" width=\"1024\" height=\"768\" src=\"https:\/\/azraqgroup.com\/wp-content\/uploads\/2024\/10\/azraq_real-estate_the-ring_ext_swimmingpool.jpg\" alt=\"\" title=\"azraq_real-estate_the-ring_ext_swimmingpool\" srcset=\"https:\/\/azraqgroup.com\/wp-content\/uploads\/2024\/10\/azraq_real-estate_the-ring_ext_swimmingpool.jpg 1024w, https:\/\/azraqgroup.com\/wp-content\/uploads\/2024\/10\/azraq_real-estate_the-ring_ext_swimmingpool-980x735.jpg 980w, https:\/\/azraqgroup.com\/wp-content\/uploads\/2024\/10\/azraq_real-estate_the-ring_ext_swimmingpool-480x360.jpg 480w\" sizes=\"(min-width: 0px) and (max-width: 480px) 480px, (min-width: 481px) and (max-width: 980px) 980px, (min-width: 981px) 1024px, 100vw\" class=\"wp-image-919\" \/><\/span>\n\t\t\t<\/div><div class=\"et_pb_module et_d4_element et_pb_cta_0 et_pb_promo  et_pb_text_align_left et_pb_bg_layout_dark dbdb-icon-on-right dbdb-icon-on-hover-off dbdb-has-custom-padding\">\n\t\t\t\t\n\t\t\t\t\n\t\t\t\t\n\t\t\t\t\n\t\t\t\t<div class=\"et_pb_promo_description\"><h2 class=\"et_pb_module_header\">Les anneaux<\/h2><div><p><span class=\"position\">\ue01d<\/span> Duba\u00ef<br \/>Duplex et triplex<\/p><\/div><\/div>\n\t\t\t\t\n\t\t\t<\/div>\n\t\t\t<\/div><div class=\"et_d4_element et_pb_column_1_3 et_pb_column et_pb_column_3  et_pb_css_mix_blend_mode et_block_column\">\n\t\t\t\t\n\t\t\t\t\n\t\t\t\t\n\t\t\t\t\n\t\t\t\t<div class=\"et_pb_module et_d4_element et_pb_image et_pb_image_1\">\n\t\t\t\t\n\t\t\t\t\n\t\t\t\t\n\t\t\t\t\n\t\t\t\t<span class=\"et_pb_image_wrap \"><img loading=\"lazy\" decoding=\"async\" width=\"2560\" height=\"1920\" src=\"https:\/\/azraqgroup.com\/wp-content\/uploads\/2024\/10\/galerie_trump-international_oman_azraq_real-estate_trump-residences_Oman_ext1-scaled.jpg\" alt=\"\" title=\"galerie_trump-international_oman_azraq_real-estate_trump-residences_Oman_ext1\" srcset=\"https:\/\/azraqgroup.com\/wp-content\/uploads\/2024\/10\/galerie_trump-international_oman_azraq_real-estate_trump-residences_Oman_ext1-scaled.jpg 2560w, https:\/\/azraqgroup.com\/wp-content\/uploads\/2024\/10\/galerie_trump-international_oman_azraq_real-estate_trump-residences_Oman_ext1-1280x960.jpg 1280w, https:\/\/azraqgroup.com\/wp-content\/uploads\/2024\/10\/galerie_trump-international_oman_azraq_real-estate_trump-residences_Oman_ext1-980x735.jpg 980w, https:\/\/azraqgroup.com\/wp-content\/uploads\/2024\/10\/galerie_trump-international_oman_azraq_real-estate_trump-residences_Oman_ext1-480x360.jpg 480w\" sizes=\"(min-width: 0px) and (max-width: 480px) 480px, (min-width: 481px) and (max-width: 980px) 980px, (min-width: 981px) and (max-width: 1280px) 1280px, (min-width: 1281px) 2560px, 100vw\" class=\"wp-image-1419\" \/><\/span>\n\t\t\t<\/div><div class=\"et_pb_module et_d4_element et_pb_cta_1 et_pb_promo  et_pb_text_align_left et_pb_bg_layout_dark dbdb-icon-on-right dbdb-icon-on-hover-off dbdb-has-custom-padding\">\n\t\t\t\t\n\t\t\t\t\n\t\t\t\t\n\t\t\t\t\n\t\t\t\t<div class=\"et_pb_promo_description\"><h2 class=\"et_pb_module_header\">Villas Trump Cliff<\/h2><div><span class=\"position\">\ue01d<\/span><span> Muscat, Oman <\/span><br \/>\nVillas<\/div><\/div>\n\t\t\t\t\n\t\t\t<\/div>\n\t\t\t<\/div><div class=\"et_d4_element et_pb_column_1_3 et_pb_column et_pb_column_4  et_pb_css_mix_blend_mode et-last-child et_block_column et_pb_column_empty\">\n\t\t\t\t\n\t\t\t\t\n\t\t\t\t\n\t\t\t\t\n\t\t\t\t\n\t\t\t<\/div>\n\t\t\t\t\n\t\t\t\t\n\t\t\t\t\n\t\t\t\t\n\t\t\t<\/div>\n\t\t\t\t\n\t\t\t\t\n\t\t\t<\/div>\n","protected":false},"excerpt":{"rendered":"","protected":false},"author":1,"featured_media":2858,"parent":0,"menu_order":0,"comment_status":"closed","ping_status":"closed","template":"","meta":{"_acf_changed":false,"inline_featured_image":false,"_et_pb_use_builder":"on","_et_pb_old_content":"","_et_gb_content_width":"","footnotes":""},"class_list":["post-2857","page","type-page","status-publish","has-post-thumbnail","hentry"],"acf":[],"yoast_head":"<!-- This site is optimized with the Yoast SEO plugin v27.1.1 - https:\/\/yoast.com\/product\/yoast-seo-wordpress\/ -->\n<title>Immobilier - AZRAQ<\/title>\n<meta name=\"description\" content=\"Votre partenaire pour r\u00e9aliser des investissements viagers et d\u00e9velopper une strat\u00e9gie de portefeuille \u00e0 long terme, en construisant pour vous et votre famille un avenir serein.\" \/>\n<meta name=\"robots\" content=\"index, follow, max-snippet:-1, max-image-preview:large, max-video-preview:-1\" \/>\n<link rel=\"canonical\" href=\"https:\/\/azraqgroup.com\/fr\/immobilier\/\" \/>\n<meta property=\"og:locale\" content=\"fr_FR\" \/>\n<meta property=\"og:type\" content=\"article\" \/>\n<meta property=\"og:title\" content=\"Immobilier - AZRAQ\" \/>\n<meta property=\"og:description\" content=\"Votre partenaire pour r\u00e9aliser des investissements viagers et d\u00e9velopper une strat\u00e9gie de portefeuille \u00e0 long terme, en construisant pour vous et votre famille un avenir serein.\" \/>\n<meta property=\"og:url\" content=\"https:\/\/azraqgroup.com\/fr\/immobilier\/\" \/>\n<meta property=\"og:site_name\" content=\"AZRAQ\" \/>\n<meta property=\"article:modified_time\" content=\"2025-06-11T10:00:38+00:00\" \/>\n<meta property=\"og:image\" content=\"https:\/\/azraqgroup.com\/wp-content\/uploads\/2024\/05\/azraq-04-1024x683.jpg\" \/>\n\t<meta property=\"og:image:width\" content=\"1024\" \/>\n\t<meta property=\"og:image:height\" content=\"683\" \/>\n\t<meta property=\"og:image:type\" content=\"image\/jpeg\" \/>\n<meta name=\"twitter:card\" content=\"summary_large_image\" \/>\n<meta name=\"twitter:label1\" content=\"Dur\u00e9e de lecture estim\u00e9e\" \/>\n\t<meta name=\"twitter:data1\" content=\"6 minutes\" \/>\n<script type=\"application\/ld+json\" class=\"yoast-schema-graph\">{\"@context\":\"https:\/\/schema.org\",\"@graph\":[{\"@type\":\"WebPage\",\"@id\":\"https:\/\/azraqgroup.com\/fr\/immobilier\/\",\"url\":\"https:\/\/azraqgroup.com\/fr\/immobilier\/\",\"name\":\"Immobilier - AZRAQ\",\"isPartOf\":{\"@id\":\"https:\/\/azraqgroup.com\/fr\/#website\"},\"primaryImageOfPage\":{\"@id\":\"https:\/\/azraqgroup.com\/fr\/immobilier\/#primaryimage\"},\"image\":{\"@id\":\"https:\/\/azraqgroup.com\/fr\/immobilier\/#primaryimage\"},\"thumbnailUrl\":\"https:\/\/azraqgroup.com\/wp-content\/uploads\/2024\/05\/azraq-04.jpg\",\"datePublished\":\"2024-11-04T10:50:45+00:00\",\"dateModified\":\"2025-06-11T10:00:38+00:00\",\"description\":\"Votre partenaire pour r\u00e9aliser des investissements viagers et d\u00e9velopper une strat\u00e9gie de portefeuille \u00e0 long terme, en construisant pour vous et votre famille un avenir serein.\",\"breadcrumb\":{\"@id\":\"https:\/\/azraqgroup.com\/fr\/immobilier\/#breadcrumb\"},\"inLanguage\":\"fr-FR\",\"potentialAction\":[{\"@type\":\"ReadAction\",\"target\":[\"https:\/\/azraqgroup.com\/fr\/immobilier\/\"]}]},{\"@type\":\"ImageObject\",\"inLanguage\":\"fr-FR\",\"@id\":\"https:\/\/azraqgroup.com\/fr\/immobilier\/#primaryimage\",\"url\":\"https:\/\/azraqgroup.com\/wp-content\/uploads\/2024\/05\/azraq-04.jpg\",\"contentUrl\":\"https:\/\/azraqgroup.com\/wp-content\/uploads\/2024\/05\/azraq-04.jpg\",\"width\":8192,\"height\":5464},{\"@type\":\"BreadcrumbList\",\"@id\":\"https:\/\/azraqgroup.com\/fr\/immobilier\/#breadcrumb\",\"itemListElement\":[{\"@type\":\"ListItem\",\"position\":1,\"name\":\"Home\",\"item\":\"https:\/\/azraqgroup.com\/fr\/azraq-2\/\"},{\"@type\":\"ListItem\",\"position\":2,\"name\":\"Immobilier\"}]},{\"@type\":\"WebSite\",\"@id\":\"https:\/\/azraqgroup.com\/fr\/#website\",\"url\":\"https:\/\/azraqgroup.com\/fr\/\",\"name\":\"AZRAQ\",\"description\":\"\",\"publisher\":{\"@id\":\"https:\/\/azraqgroup.com\/fr\/#organization\"},\"potentialAction\":[{\"@type\":\"SearchAction\",\"target\":{\"@type\":\"EntryPoint\",\"urlTemplate\":\"https:\/\/azraqgroup.com\/fr\/?s={search_term_string}\"},\"query-input\":{\"@type\":\"PropertyValueSpecification\",\"valueRequired\":true,\"valueName\":\"search_term_string\"}}],\"inLanguage\":\"fr-FR\"},{\"@type\":\"Organization\",\"@id\":\"https:\/\/azraqgroup.com\/fr\/#organization\",\"name\":\"AZRAQ GROUP\",\"url\":\"https:\/\/azraqgroup.com\/fr\/\",\"logo\":{\"@type\":\"ImageObject\",\"inLanguage\":\"fr-FR\",\"@id\":\"https:\/\/azraqgroup.com\/fr\/#\/schema\/logo\/image\/\",\"url\":\"https:\/\/azraqgroup.com\/wp-content\/uploads\/2024\/05\/favicon.png\",\"contentUrl\":\"https:\/\/azraqgroup.com\/wp-content\/uploads\/2024\/05\/favicon.png\",\"width\":2134,\"height\":2134,\"caption\":\"AZRAQ GROUP\"},\"image\":{\"@id\":\"https:\/\/azraqgroup.com\/fr\/#\/schema\/logo\/image\/\"},\"sameAs\":[\"https:\/\/www.instagram.com\/azraqgroup\",\"https:\/\/www.linkedin.com\/company\/azraq-group\/\"]}]}<\/script>\n<!-- \/ Yoast SEO plugin. -->","yoast_head_json":{"title":"Immobilier - AZRAQ","description":"Votre partenaire pour r\u00e9aliser des investissements viagers et d\u00e9velopper une strat\u00e9gie de portefeuille \u00e0 long terme, en construisant pour vous et votre famille un avenir serein.","robots":{"index":"index","follow":"follow","max-snippet":"max-snippet:-1","max-image-preview":"max-image-preview:large","max-video-preview":"max-video-preview:-1"},"canonical":"https:\/\/azraqgroup.com\/fr\/immobilier\/","og_locale":"fr_FR","og_type":"article","og_title":"Immobilier - AZRAQ","og_description":"Votre partenaire pour r\u00e9aliser des investissements viagers et d\u00e9velopper une strat\u00e9gie de portefeuille \u00e0 long terme, en construisant pour vous et votre famille un avenir serein.","og_url":"https:\/\/azraqgroup.com\/fr\/immobilier\/","og_site_name":"AZRAQ","article_modified_time":"2025-06-11T10:00:38+00:00","og_image":[{"width":1024,"height":683,"url":"https:\/\/azraqgroup.com\/wp-content\/uploads\/2024\/05\/azraq-04-1024x683.jpg","type":"image\/jpeg"}],"twitter_card":"summary_large_image","twitter_misc":{"Dur\u00e9e de lecture estim\u00e9e":"6 minutes"},"schema":{"@context":"https:\/\/schema.org","@graph":[{"@type":"WebPage","@id":"https:\/\/azraqgroup.com\/fr\/immobilier\/","url":"https:\/\/azraqgroup.com\/fr\/immobilier\/","name":"Immobilier - AZRAQ","isPartOf":{"@id":"https:\/\/azraqgroup.com\/fr\/#website"},"primaryImageOfPage":{"@id":"https:\/\/azraqgroup.com\/fr\/immobilier\/#primaryimage"},"image":{"@id":"https:\/\/azraqgroup.com\/fr\/immobilier\/#primaryimage"},"thumbnailUrl":"https:\/\/azraqgroup.com\/wp-content\/uploads\/2024\/05\/azraq-04.jpg","datePublished":"2024-11-04T10:50:45+00:00","dateModified":"2025-06-11T10:00:38+00:00","description":"Votre partenaire pour r\u00e9aliser des investissements viagers et d\u00e9velopper une strat\u00e9gie de portefeuille \u00e0 long terme, en construisant pour vous et votre famille un avenir serein.","breadcrumb":{"@id":"https:\/\/azraqgroup.com\/fr\/immobilier\/#breadcrumb"},"inLanguage":"fr-FR","potentialAction":[{"@type":"ReadAction","target":["https:\/\/azraqgroup.com\/fr\/immobilier\/"]}]},{"@type":"ImageObject","inLanguage":"fr-FR","@id":"https:\/\/azraqgroup.com\/fr\/immobilier\/#primaryimage","url":"https:\/\/azraqgroup.com\/wp-content\/uploads\/2024\/05\/azraq-04.jpg","contentUrl":"https:\/\/azraqgroup.com\/wp-content\/uploads\/2024\/05\/azraq-04.jpg","width":8192,"height":5464},{"@type":"BreadcrumbList","@id":"https:\/\/azraqgroup.com\/fr\/immobilier\/#breadcrumb","itemListElement":[{"@type":"ListItem","position":1,"name":"Home","item":"https:\/\/azraqgroup.com\/fr\/azraq-2\/"},{"@type":"ListItem","position":2,"name":"Immobilier"}]},{"@type":"WebSite","@id":"https:\/\/azraqgroup.com\/fr\/#website","url":"https:\/\/azraqgroup.com\/fr\/","name":"AZRAQ","description":"","publisher":{"@id":"https:\/\/azraqgroup.com\/fr\/#organization"},"potentialAction":[{"@type":"SearchAction","target":{"@type":"EntryPoint","urlTemplate":"https:\/\/azraqgroup.com\/fr\/?s={search_term_string}"},"query-input":{"@type":"PropertyValueSpecification","valueRequired":true,"valueName":"search_term_string"}}],"inLanguage":"fr-FR"},{"@type":"Organization","@id":"https:\/\/azraqgroup.com\/fr\/#organization","name":"AZRAQ GROUP","url":"https:\/\/azraqgroup.com\/fr\/","logo":{"@type":"ImageObject","inLanguage":"fr-FR","@id":"https:\/\/azraqgroup.com\/fr\/#\/schema\/logo\/image\/","url":"https:\/\/azraqgroup.com\/wp-content\/uploads\/2024\/05\/favicon.png","contentUrl":"https:\/\/azraqgroup.com\/wp-content\/uploads\/2024\/05\/favicon.png","width":2134,"height":2134,"caption":"AZRAQ GROUP"},"image":{"@id":"https:\/\/azraqgroup.com\/fr\/#\/schema\/logo\/image\/"},"sameAs":["https:\/\/www.instagram.com\/azraqgroup","https:\/\/www.linkedin.com\/company\/azraq-group\/"]}]}},"_links":{"self":[{"href":"https:\/\/azraqgroup.com\/fr\/wp-json\/wp\/v2\/pages\/2857","targetHints":{"allow":["GET"]}}],"collection":[{"href":"https:\/\/azraqgroup.com\/fr\/wp-json\/wp\/v2\/pages"}],"about":[{"href":"https:\/\/azraqgroup.com\/fr\/wp-json\/wp\/v2\/types\/page"}],"author":[{"embeddable":true,"href":"https:\/\/azraqgroup.com\/fr\/wp-json\/wp\/v2\/users\/1"}],"replies":[{"embeddable":true,"href":"https:\/\/azraqgroup.com\/fr\/wp-json\/wp\/v2\/comments?post=2857"}],"version-history":[{"count":2,"href":"https:\/\/azraqgroup.com\/fr\/wp-json\/wp\/v2\/pages\/2857\/revisions"}],"predecessor-version":[{"id":2860,"href":"https:\/\/azraqgroup.com\/fr\/wp-json\/wp\/v2\/pages\/2857\/revisions\/2860"}],"wp:featuredmedia":[{"embeddable":true,"href":"https:\/\/azraqgroup.com\/fr\/wp-json\/wp\/v2\/media\/2858"}],"wp:attachment":[{"href":"https:\/\/azraqgroup.com\/fr\/wp-json\/wp\/v2\/media?parent=2857"}],"curies":[{"name":"wp","href":"https:\/\/api.w.org\/{rel}","templated":true}]}}