{"id":2868,"date":"2024-05-15T15:35:34","date_gmt":"2024-05-15T13:35:34","guid":{"rendered":"https:\/\/azraqgroup.com\/actualites\/"},"modified":"2025-12-17T12:48:27","modified_gmt":"2025-12-17T08:48:27","slug":"actualites","status":"publish","type":"page","link":"https:\/\/azraqgroup.com\/fr\/actualites\/","title":{"rendered":"Actualit\u00e9s"},"content":{"rendered":"<div class=\"et_d4_element et_pb_section et_pb_section_0 et_pb_with_background  et_pb_css_mix_blend_mode et_section_regular et_block_section\" >\n\t\t\t\t\n\t\t\t\t\n\t\t\t\t\n\t\t\t\t\n\t\t\t\t\n\t\t\t\t\n\t\t\t\t<div class=\"et_d4_element et_pb_row et_pb_row_0  et_pb_css_mix_blend_mode et_block_row\">\n\t\t\t\t<div class=\"et_d4_element et_pb_column_4_4 et_pb_column et_pb_column_0  et_pb_css_mix_blend_mode et-last-child et_block_column\">\n\t\t\t\t\n\t\t\t\t\n\t\t\t\t\n\t\t\t\t\n\t\t\t\t<div class=\"et_pb_module et_d4_element et_pb_heading et_pb_heading_0 et_pb_bg_layout_\">\n\t\t\t\t\n\t\t\t\t\n\t\t\t\t\n\t\t\t\t\n\t\t\t\t<div class=\"et_pb_heading_container\"><h1 class=\"et_pb_module_heading\">Actualit\u00e9s d&#039;Azraq<\/h1><\/div>\n\t\t\t<\/div>\n\t\t\t<\/div>\n\t\t\t\t\n\t\t\t\t\n\t\t\t\t\n\t\t\t\t\n\t\t\t<\/div><div class=\"et_d4_element et_pb_row et_pb_row_1  et_pb_css_mix_blend_mode et_block_row\">\n\t\t\t\t<div class=\"et_d4_element et_pb_column_4_4 et_pb_column et_pb_column_1  et_pb_css_mix_blend_mode et-last-child et_block_column\">\n\t\t\t\t\n\t\t\t\t\n\t\t\t\t\n\t\t\t\t\n\t\t\t\t<div class=\"et_pb_module et_d4_element et_pb_post_slider et_pb_post_slider_0  et_pb_css_mix_blend_mode et_pb_slider et_pb_post_slider_image_background et_pb_slider_fullwidth_off et_pb_slider_with_overlay dbdb-icon-on-left dbdb-icon-on-hover dbdb-has-custom-padding\">\n\t\t\t\t\n\t\t\t\t\n\t\t\t\t\n\t\t\t\t\n\t\t\t\t<div class=\"et_pb_slides\">\n\t\t\t\t\t\t\t\t\t<div class=\"et_pb_slide et_pb_bg_layout_dark et_pb_post_slide-4173\"  style=\"background-image: url(https:\/\/azraqgroup.com\/wp-content\/uploads\/2025\/12\/post-insta-2.jpg);\">\n\t\t\t\t\t\t\t\t\t\t\t\t\t<div class=\"et_pb_slide_overlay_container\"><\/div>\n\t\t\t\t\t\t\t\t<div class=\"et_pb_container clearfix\">\n\t\t\t\t\t<div class=\"et_pb_slider_container_inner\">\n\t\t\t\t\t\t\t\t\t\t\t\t<div class=\"et_pb_slide_description\">\n\t\t\t\t\t\t\t\t\t\t\t\t\t\t\t<h2 class=\"et_pb_slide_title\"><a href=\"https:\/\/azraqgroup.com\/fr\/limportance-du-design-2\/\">L&rsquo;importance du design<\/a><\/h2>\n\t\t\t\t\t\t\t\t<div class=\"et_pb_slide_content\n\t\t\t\t\t\t\t\t\t\t\t\t\t\t\t\t\">\n\t\t\t\t\t\t\t\t\t<div>In the fast-paced world of short-term rentals, first impressions aren't just important\u2014they're everything. Guests often decide within seconds whether a space feels right, and that feeling is largely driven by design. At Azraq Group, we understand that in the luxury...<\/div>\t\t\t\t\t\t\t\t<\/div>\n\t\t\t\t\t\t\t\t\t\t\t\t\t\t<div class=\"et_pb_button_wrapper\"><a class=\"et_pb_button et_pb_more_button\" href=\"https:\/\/azraqgroup.com\/fr\/limportance-du-design-2\/\" data-icon=\"&quot;\">Lire la suite<\/a><\/div>\t\t\t\t\t\t<\/div>\n\t\t\t\t\t\t\t\t\t\t\t<\/div>\n\t\t\t\t<\/div>\n\t\t\t<\/div>\n\t\t\t\t\n\t\t\t\t<\/div>\n\t\t\t\t\n\t\t\t<\/div>\n\t\t\t\n\t\t\t<\/div>\n\t\t\t\t\n\t\t\t\t\n\t\t\t\t\n\t\t\t\t\n\t\t\t<\/div><div class=\"et_d4_element et_pb_row et_pb_row_2  et_pb_css_mix_blend_mode et_block_row\">\n\t\t\t\t<div class=\"et_d4_element et_pb_column_4_4 et_pb_column et_pb_column_2  et_pb_css_mix_blend_mode et-last-child et_block_column\">\n\t\t\t\t\n\t\t\t\t\n\t\t\t\t\n\t\t\t\t\n\t\t\t\t<div class=\"et_pb_with_border et_pb_module et_d4_element et_pb_blog_0  et_pb_css_mix_blend_mode et_pb_blog_grid_wrapper et_pb_bg_layout_light\">\n\t\t\t\t\t<div class=\"et_pb_blog_grid clearfix  et_pb_text_align_center\">\n\t\t\t\t\t\n\t\t\t\t\t\n\t\t\t\t\t\n\t\t\t\t\t\n\t\t\t\t\t<div class=\"et_pb_ajax_pagination_container\">\n\t\t\t\t\t\t<div class=\"et_pb_salvattore_content\" data-columns>\n\t\t\t<article id=\"post-4173\" class=\"et_pb_post clearfix et_pb_blog_item_0_0 post-4173 post type-post status-publish format-standard has-post-thumbnail hentry category-immobilier\">\n\n\t\t\t\t<div class=\"et_pb_image_container\"><a href=\"https:\/\/azraqgroup.com\/fr\/limportance-du-design-2\/\" class=\"entry-featured-image-url\"><img loading=\"lazy\" decoding=\"async\" src=\"https:\/\/azraqgroup.com\/wp-content\/uploads\/2025\/12\/post-insta-2-400x250.jpg\" alt=\"L&rsquo;importance du design\" class=\"\" srcset=\"https:\/\/azraqgroup.com\/wp-content\/uploads\/2025\/12\/post-insta-2.jpg 479w, https:\/\/azraqgroup.com\/wp-content\/uploads\/2025\/12\/post-insta-2-400x250.jpg 480w \" sizes=\"(max-width:479px) 479px, 100vw \"  width=\"400\" height=\"250\" \/><\/a><\/div>\n\t\t\t\t\t\t\t\t\t\t\t\t\t\t<h2 class=\"entry-title\">\n\t\t\t\t\t\t\t\t\t\t\t\t\t<a href=\"https:\/\/azraqgroup.com\/fr\/limportance-du-design-2\/\">L&rsquo;importance du design<\/a>\n\t\t\t\t\t\t\t\t\t\t\t<\/h2>\n\t\t\t\t\n\t\t\t\t\t<p class=\"post-meta\"><span class=\"published\">D\u00e9c 5, 2025<\/span> | <a href=\"https:\/\/azraqgroup.com\/fr\/category\/immobilier\/\" rel=\"tag\">Immobilier<\/a><\/p><div class=\"post-content\"><div class=\"post-content-inner\"><p>In the fast-paced world of short-term rentals, first impressions aren't just important\u2014they're everything. Guests often decide within seconds whether a space feels right, and that feeling is largely driven by design. At Azraq Group, we understand that in the luxury...<\/p>\n<\/div><a href=\"https:\/\/azraqgroup.com\/fr\/limportance-du-design-2\/\" class=\"more-link\">lire la suite<\/a><\/div>\t\t\t\n\t\t\t<\/article>\n\t\t\t\t\n\t\t\t<article id=\"post-2816\" class=\"et_pb_post clearfix et_pb_blog_item_0_1 post-2816 post type-post status-publish format-standard has-post-thumbnail hentry category-immobilier\">\n\n\t\t\t\t<div class=\"et_pb_image_container\"><a href=\"https:\/\/azraqgroup.com\/fr\/limportance-du-design\/\" class=\"entry-featured-image-url\"><img loading=\"lazy\" decoding=\"async\" src=\"https:\/\/azraqgroup.com\/wp-content\/uploads\/2025\/05\/post-insta-35-400x250.jpg\" alt=\"L&rsquo;importance du design\" class=\"\" srcset=\"https:\/\/azraqgroup.com\/wp-content\/uploads\/2025\/05\/post-insta-35.jpg 479w, https:\/\/azraqgroup.com\/wp-content\/uploads\/2025\/05\/post-insta-35-400x250.jpg 480w \" sizes=\"(max-width:479px) 479px, 100vw \"  width=\"400\" height=\"250\" \/><\/a><\/div>\n\t\t\t\t\t\t\t\t\t\t\t\t\t\t<h2 class=\"entry-title\">\n\t\t\t\t\t\t\t\t\t\t\t\t\t<a href=\"https:\/\/azraqgroup.com\/fr\/limportance-du-design\/\">L&rsquo;importance du design<\/a>\n\t\t\t\t\t\t\t\t\t\t\t<\/h2>\n\t\t\t\t\n\t\t\t\t\t<p class=\"post-meta\"><span class=\"published\">Mai 16, 2025<\/span> | <a href=\"https:\/\/azraqgroup.com\/fr\/category\/immobilier\/\" rel=\"tag\">Immobilier<\/a><\/p><div class=\"post-content\"><div class=\"post-content-inner\"><p>Dans le monde effr\u00e9n\u00e9 de la location courte dur\u00e9e, la premi\u00e8re impression n'est pas seulement importante, elle est essentielle. Les convives d\u00e9cident souvent en quelques secondes si un espace leur convient, et ce sentiment est largement d\u00e9termin\u00e9 par le design. Chez...<\/p>\n<\/div><a href=\"https:\/\/azraqgroup.com\/fr\/limportance-du-design\/\" class=\"more-link\">lire la suite<\/a><\/div>\t\t\t\n\t\t\t<\/article>\n\t\t\t\t\n\t\t\t<article id=\"post-2822\" class=\"et_pb_post clearfix et_pb_blog_item_0_2 post-2822 post type-post status-publish format-standard has-post-thumbnail hentry category-immobilier\">\n\n\t\t\t\t<div class=\"et_pb_image_container\"><a href=\"https:\/\/azraqgroup.com\/fr\/devoiler-la-verite-comment-le-groupe-azraq-transforme-la-location-de-courte-duree\/\" class=\"entry-featured-image-url\"><img loading=\"lazy\" decoding=\"async\" src=\"https:\/\/azraqgroup.com\/wp-content\/uploads\/2025\/04\/post-insta-23-400x250.jpg\" alt=\"D\u00e9voiler la v\u00e9rit\u00e9 : comment le groupe Azraq transforme la location de courte dur\u00e9e\" class=\"\" srcset=\"https:\/\/azraqgroup.com\/wp-content\/uploads\/2025\/04\/post-insta-23.jpg 479w, https:\/\/azraqgroup.com\/wp-content\/uploads\/2025\/04\/post-insta-23-400x250.jpg 480w \" sizes=\"(max-width:479px) 479px, 100vw \"  width=\"400\" height=\"250\" \/><\/a><\/div>\n\t\t\t\t\t\t\t\t\t\t\t\t\t\t<h2 class=\"entry-title\">\n\t\t\t\t\t\t\t\t\t\t\t\t\t<a href=\"https:\/\/azraqgroup.com\/fr\/devoiler-la-verite-comment-le-groupe-azraq-transforme-la-location-de-courte-duree\/\">D\u00e9voiler la v\u00e9rit\u00e9 : comment le groupe Azraq transforme la location de courte dur\u00e9e<\/a>\n\t\t\t\t\t\t\t\t\t\t\t<\/h2>\n\t\t\t\t\n\t\t\t\t\t<p class=\"post-meta\"><span class=\"published\">Avr 9, 2025<\/span> | <a href=\"https:\/\/azraqgroup.com\/fr\/category\/immobilier\/\" rel=\"tag\">Immobilier<\/a><\/p><div class=\"post-content\"><div class=\"post-content-inner\"><p>Les locations \u00e0 court terme \u00e0 Duba\u00ef promettent des revenus \u00e9lev\u00e9s et un march\u00e9 en plein essor, mais de nombreux propri\u00e9taires se rendent rapidement compte que la gestion de ces locations est loin d'\u00eatre une sin\u00e9cure. Derri\u00e8re chaque commentaire de client cinq \u00e9toiles...<\/p>\n<\/div><a href=\"https:\/\/azraqgroup.com\/fr\/devoiler-la-verite-comment-le-groupe-azraq-transforme-la-location-de-courte-duree\/\" class=\"more-link\">lire la suite<\/a><\/div>\t\t\t\n\t\t\t<\/article>\n\t\t\t\t\n\t\t\t<article id=\"post-2825\" class=\"et_pb_post clearfix et_pb_blog_item_0_3 post-2825 post type-post status-publish format-standard has-post-thumbnail hentry category-immobilier\">\n\n\t\t\t\t<div class=\"et_pb_image_container\"><a href=\"https:\/\/azraqgroup.com\/fr\/lessor-du-tourisme-a-dubai-et-la-demande-croissante-de-locations-de-courte-duree\/\" class=\"entry-featured-image-url\"><img loading=\"lazy\" decoding=\"async\" src=\"https:\/\/azraqgroup.com\/wp-content\/uploads\/2025\/04\/post-insta-21-400x250.jpg\" alt=\"L&rsquo;essor du tourisme \u00e0 Duba\u00ef et la demande croissante de locations de courte dur\u00e9e\" class=\"\" srcset=\"https:\/\/azraqgroup.com\/wp-content\/uploads\/2025\/04\/post-insta-21.jpg 479w, https:\/\/azraqgroup.com\/wp-content\/uploads\/2025\/04\/post-insta-21-400x250.jpg 480w \" sizes=\"(max-width:479px) 479px, 100vw \"  width=\"400\" height=\"250\" \/><\/a><\/div>\n\t\t\t\t\t\t\t\t\t\t\t\t\t\t<h2 class=\"entry-title\">\n\t\t\t\t\t\t\t\t\t\t\t\t\t<a href=\"https:\/\/azraqgroup.com\/fr\/lessor-du-tourisme-a-dubai-et-la-demande-croissante-de-locations-de-courte-duree\/\">L&rsquo;essor du tourisme \u00e0 Duba\u00ef et la demande croissante de locations de courte dur\u00e9e<\/a>\n\t\t\t\t\t\t\t\t\t\t\t<\/h2>\n\t\t\t\t\n\t\t\t\t\t<p class=\"post-meta\"><span class=\"published\">Avr 3, 2025<\/span> | <a href=\"https:\/\/azraqgroup.com\/fr\/category\/immobilier\/\" rel=\"tag\">Immobilier<\/a><\/p><div class=\"post-content\"><div class=\"post-content-inner\"><p>Duba\u00ef : une puissance touristique mondiale #Duba\u00ef a consolid\u00e9 sa position comme l'une des destinations de voyage les plus recherch\u00e9es au monde. Avec un nombre record de visiteurs, des attractions de classe mondiale et une r\u00e9putation de luxe, la ville continue...<\/p>\n<\/div><a href=\"https:\/\/azraqgroup.com\/fr\/lessor-du-tourisme-a-dubai-et-la-demande-croissante-de-locations-de-courte-duree\/\" class=\"more-link\">lire la suite<\/a><\/div>\t\t\t\n\t\t\t<\/article>\n\t\t\t\t\n\t\t\t<article id=\"post-2829\" class=\"et_pb_post clearfix et_pb_blog_item_0_4 post-2829 post type-post status-publish format-standard has-post-thumbnail hentry category-immobilier\">\n\n\t\t\t\t<div class=\"et_pb_image_container\"><a href=\"https:\/\/azraqgroup.com\/fr\/revolutionner-la-location-de-courte-duree-le-membership\/\" class=\"entry-featured-image-url\"><img loading=\"lazy\" decoding=\"async\" src=\"https:\/\/azraqgroup.com\/wp-content\/uploads\/2025\/03\/post-insta-8-400x250.jpg\" alt=\"R\u00e9volutionner la location de courte dur\u00e9e : le Membership\" class=\"\" srcset=\"https:\/\/azraqgroup.com\/wp-content\/uploads\/2025\/03\/post-insta-8.jpg 479w, https:\/\/azraqgroup.com\/wp-content\/uploads\/2025\/03\/post-insta-8-400x250.jpg 480w \" sizes=\"(max-width:479px) 479px, 100vw \"  width=\"400\" height=\"250\" \/><\/a><\/div>\n\t\t\t\t\t\t\t\t\t\t\t\t\t\t<h2 class=\"entry-title\">\n\t\t\t\t\t\t\t\t\t\t\t\t\t<a href=\"https:\/\/azraqgroup.com\/fr\/revolutionner-la-location-de-courte-duree-le-membership\/\">R\u00e9volutionner la location de courte dur\u00e9e : le Membership<\/a>\n\t\t\t\t\t\t\t\t\t\t\t<\/h2>\n\t\t\t\t\n\t\t\t\t\t<p class=\"post-meta\"><span class=\"published\">Mar 13, 2025<\/span> | <a href=\"https:\/\/azraqgroup.com\/fr\/category\/immobilier\/\" rel=\"tag\">Immobilier<\/a><\/p><div class=\"post-content\"><div class=\"post-content-inner\"><p>Le march\u00e9 de la location \u00e0 court terme de Duba\u00ef est en plein essor, offrant aux investisseurs la possibilit\u00e9 de profiter de l'un des paysages immobiliers les plus dynamiques et les plus rentables au monde. Mais... \u00e0 Azraq Group, nous croyons qu'il faut offrir quelque...<\/p>\n<\/div><a href=\"https:\/\/azraqgroup.com\/fr\/revolutionner-la-location-de-courte-duree-le-membership\/\" class=\"more-link\">lire la suite<\/a><\/div>\t\t\t\n\t\t\t<\/article>\n\t\t\t\t\n\t\t\t<article id=\"post-2832\" class=\"et_pb_post clearfix et_pb_blog_item_0_5 post-2832 post type-post status-publish format-standard has-post-thumbnail hentry category-immobilier\">\n\n\t\t\t\t<div class=\"et_pb_image_container\"><a href=\"https:\/\/azraqgroup.com\/fr\/entrez-dans-lart-de-vivre-une-celebration-des-plus-belles-choses-de-la-vie\/\" class=\"entry-featured-image-url\"><img loading=\"lazy\" decoding=\"async\" src=\"https:\/\/azraqgroup.com\/wp-content\/uploads\/2025\/01\/1734588676326-400x250.jpg\" alt=\"Entrez dans l&rsquo;art de vivre : Une c\u00e9l\u00e9bration des plus belles choses de la vie.\" class=\"\" srcset=\"https:\/\/azraqgroup.com\/wp-content\/uploads\/2025\/01\/1734588676326.jpg 479w, https:\/\/azraqgroup.com\/wp-content\/uploads\/2025\/01\/1734588676326-400x250.jpg 480w \" sizes=\"(max-width:479px) 479px, 100vw \"  width=\"400\" height=\"250\" \/><\/a><\/div>\n\t\t\t\t\t\t\t\t\t\t\t\t\t\t<h2 class=\"entry-title\">\n\t\t\t\t\t\t\t\t\t\t\t\t\t<a href=\"https:\/\/azraqgroup.com\/fr\/entrez-dans-lart-de-vivre-une-celebration-des-plus-belles-choses-de-la-vie\/\">Entrez dans l&rsquo;art de vivre : Une c\u00e9l\u00e9bration des plus belles choses de la vie.<\/a>\n\t\t\t\t\t\t\t\t\t\t\t<\/h2>\n\t\t\t\t\n\t\t\t\t\t<p class=\"post-meta\"><span class=\"published\">Jan 7, 2025<\/span> | <a href=\"https:\/\/azraqgroup.com\/fr\/category\/immobilier\/\" rel=\"tag\">Immobilier<\/a><\/p><div class=\"post-content\"><div class=\"post-content-inner\"><p>Il est facile d'oublier de s'arr\u00eater pour vivre des moments qui vous ancrent, vous ram\u00e8nent au moment pr\u00e9sent et vous permettent d'\u00eatre reconnaissant pour les innombrables b\u00e9n\u00e9dictions de la vie. Ces moments ne sont pas seulement les fondements d'une vie v\u00e9ritablement...<\/p>\n<\/div><a href=\"https:\/\/azraqgroup.com\/fr\/entrez-dans-lart-de-vivre-une-celebration-des-plus-belles-choses-de-la-vie\/\" class=\"more-link\">lire la suite<\/a><\/div>\t\t\t\n\t\t\t<\/article>\n\t\t\t\t<\/div><div><div class=\"pagination clearfix\">\n\t<div class=\"alignleft\"><a href=\"https:\/\/azraqgroup.com\/fr\/wp-json\/wp\/v2\/pages\/2868\/page\/2\/?et_blog\" >&laquo; Entr\u00e9es Plus Anciennes<\/a><\/div>\n\t<div class=\"alignright\"><\/div>\n<\/div><\/div><\/div>\n\t\t\t\t\t<\/div>\n\t\t\t\t\t \n\t\t\t\t<\/div><div class=\"et_pb_button_module_wrapper et_pb_button_0_wrapper et_pb_button_alignment_center et_pb_module  dbdb-icon-on-right dbdb-icon-on-hover dbdb-has-custom-padding\">\n\t\t\t\t<a class=\"et_pb_button et_d4_element et_pb_button_0 et_pb_bg_layout_light et_block_module\" href=\"https:\/\/wa.me\/message\/F2MEPDJE3QTRC1?src=qr\" target=\"_blank\">Contactez nous<\/a>\n\t\t\t<\/div>\n\t\t\t<\/div>\n\t\t\t\t\n\t\t\t\t\n\t\t\t\t\n\t\t\t\t\n\t\t\t<\/div>\n\t\t\t\t\n\t\t\t\t\n\t\t\t<\/div>\n","protected":false},"excerpt":{"rendered":"","protected":false},"author":1,"featured_media":0,"parent":0,"menu_order":0,"comment_status":"closed","ping_status":"closed","template":"","meta":{"_acf_changed":false,"inline_featured_image":false,"_et_pb_use_builder":"on","_et_pb_old_content":"","_et_gb_content_width":"","footnotes":""},"class_list":["post-2868","page","type-page","status-publish","hentry"],"acf":[],"yoast_head":"<!-- This site is optimized with the Yoast SEO plugin v27.1.1 - https:\/\/yoast.com\/product\/yoast-seo-wordpress\/ -->\n<title>Actualit\u00e9s - AZRAQ<\/title>\n<meta name=\"robots\" content=\"index, follow, max-snippet:-1, max-image-preview:large, max-video-preview:-1\" \/>\n<link rel=\"canonical\" href=\"https:\/\/azraqgroup.com\/fr\/actualites\/\" \/>\n<meta property=\"og:locale\" content=\"fr_FR\" \/>\n<meta property=\"og:type\" content=\"article\" \/>\n<meta property=\"og:title\" content=\"Actualit\u00e9s - AZRAQ\" \/>\n<meta property=\"og:url\" content=\"https:\/\/azraqgroup.com\/fr\/actualites\/\" \/>\n<meta property=\"og:site_name\" content=\"AZRAQ\" \/>\n<meta property=\"article:modified_time\" content=\"2025-12-17T08:48:27+00:00\" \/>\n<meta name=\"twitter:card\" content=\"summary_large_image\" \/>\n<meta name=\"twitter:label1\" content=\"Dur\u00e9e de lecture estim\u00e9e\" \/>\n\t<meta name=\"twitter:data1\" content=\"4 minutes\" \/>\n<script type=\"application\/ld+json\" class=\"yoast-schema-graph\">{\"@context\":\"https:\/\/schema.org\",\"@graph\":[{\"@type\":\"WebPage\",\"@id\":\"https:\/\/azraqgroup.com\/fr\/actualites\/\",\"url\":\"https:\/\/azraqgroup.com\/fr\/actualites\/\",\"name\":\"Actualit\u00e9s - AZRAQ\",\"isPartOf\":{\"@id\":\"https:\/\/azraqgroup.com\/fr\/#website\"},\"datePublished\":\"2024-05-15T13:35:34+00:00\",\"dateModified\":\"2025-12-17T08:48:27+00:00\",\"breadcrumb\":{\"@id\":\"https:\/\/azraqgroup.com\/fr\/actualites\/#breadcrumb\"},\"inLanguage\":\"fr-FR\",\"potentialAction\":[{\"@type\":\"ReadAction\",\"target\":[\"https:\/\/azraqgroup.com\/fr\/actualites\/\"]}]},{\"@type\":\"BreadcrumbList\",\"@id\":\"https:\/\/azraqgroup.com\/fr\/actualites\/#breadcrumb\",\"itemListElement\":[{\"@type\":\"ListItem\",\"position\":1,\"name\":\"Home\",\"item\":\"https:\/\/azraqgroup.com\/fr\/azraq-2\/\"},{\"@type\":\"ListItem\",\"position\":2,\"name\":\"Actualit\u00e9s\"}]},{\"@type\":\"WebSite\",\"@id\":\"https:\/\/azraqgroup.com\/fr\/#website\",\"url\":\"https:\/\/azraqgroup.com\/fr\/\",\"name\":\"AZRAQ\",\"description\":\"\",\"publisher\":{\"@id\":\"https:\/\/azraqgroup.com\/fr\/#organization\"},\"potentialAction\":[{\"@type\":\"SearchAction\",\"target\":{\"@type\":\"EntryPoint\",\"urlTemplate\":\"https:\/\/azraqgroup.com\/fr\/?s={search_term_string}\"},\"query-input\":{\"@type\":\"PropertyValueSpecification\",\"valueRequired\":true,\"valueName\":\"search_term_string\"}}],\"inLanguage\":\"fr-FR\"},{\"@type\":\"Organization\",\"@id\":\"https:\/\/azraqgroup.com\/fr\/#organization\",\"name\":\"AZRAQ GROUP\",\"url\":\"https:\/\/azraqgroup.com\/fr\/\",\"logo\":{\"@type\":\"ImageObject\",\"inLanguage\":\"fr-FR\",\"@id\":\"https:\/\/azraqgroup.com\/fr\/#\/schema\/logo\/image\/\",\"url\":\"https:\/\/azraqgroup.com\/wp-content\/uploads\/2024\/05\/favicon.png\",\"contentUrl\":\"https:\/\/azraqgroup.com\/wp-content\/uploads\/2024\/05\/favicon.png\",\"width\":2134,\"height\":2134,\"caption\":\"AZRAQ GROUP\"},\"image\":{\"@id\":\"https:\/\/azraqgroup.com\/fr\/#\/schema\/logo\/image\/\"},\"sameAs\":[\"https:\/\/www.instagram.com\/azraqgroup\",\"https:\/\/www.linkedin.com\/company\/azraq-group\/\"]}]}<\/script>\n<!-- \/ Yoast SEO plugin. -->","yoast_head_json":{"title":"Actualit\u00e9s - AZRAQ","robots":{"index":"index","follow":"follow","max-snippet":"max-snippet:-1","max-image-preview":"max-image-preview:large","max-video-preview":"max-video-preview:-1"},"canonical":"https:\/\/azraqgroup.com\/fr\/actualites\/","og_locale":"fr_FR","og_type":"article","og_title":"Actualit\u00e9s - AZRAQ","og_url":"https:\/\/azraqgroup.com\/fr\/actualites\/","og_site_name":"AZRAQ","article_modified_time":"2025-12-17T08:48:27+00:00","twitter_card":"summary_large_image","twitter_misc":{"Dur\u00e9e de lecture estim\u00e9e":"4 minutes"},"schema":{"@context":"https:\/\/schema.org","@graph":[{"@type":"WebPage","@id":"https:\/\/azraqgroup.com\/fr\/actualites\/","url":"https:\/\/azraqgroup.com\/fr\/actualites\/","name":"Actualit\u00e9s - AZRAQ","isPartOf":{"@id":"https:\/\/azraqgroup.com\/fr\/#website"},"datePublished":"2024-05-15T13:35:34+00:00","dateModified":"2025-12-17T08:48:27+00:00","breadcrumb":{"@id":"https:\/\/azraqgroup.com\/fr\/actualites\/#breadcrumb"},"inLanguage":"fr-FR","potentialAction":[{"@type":"ReadAction","target":["https:\/\/azraqgroup.com\/fr\/actualites\/"]}]},{"@type":"BreadcrumbList","@id":"https:\/\/azraqgroup.com\/fr\/actualites\/#breadcrumb","itemListElement":[{"@type":"ListItem","position":1,"name":"Home","item":"https:\/\/azraqgroup.com\/fr\/azraq-2\/"},{"@type":"ListItem","position":2,"name":"Actualit\u00e9s"}]},{"@type":"WebSite","@id":"https:\/\/azraqgroup.com\/fr\/#website","url":"https:\/\/azraqgroup.com\/fr\/","name":"AZRAQ","description":"","publisher":{"@id":"https:\/\/azraqgroup.com\/fr\/#organization"},"potentialAction":[{"@type":"SearchAction","target":{"@type":"EntryPoint","urlTemplate":"https:\/\/azraqgroup.com\/fr\/?s={search_term_string}"},"query-input":{"@type":"PropertyValueSpecification","valueRequired":true,"valueName":"search_term_string"}}],"inLanguage":"fr-FR"},{"@type":"Organization","@id":"https:\/\/azraqgroup.com\/fr\/#organization","name":"AZRAQ GROUP","url":"https:\/\/azraqgroup.com\/fr\/","logo":{"@type":"ImageObject","inLanguage":"fr-FR","@id":"https:\/\/azraqgroup.com\/fr\/#\/schema\/logo\/image\/","url":"https:\/\/azraqgroup.com\/wp-content\/uploads\/2024\/05\/favicon.png","contentUrl":"https:\/\/azraqgroup.com\/wp-content\/uploads\/2024\/05\/favicon.png","width":2134,"height":2134,"caption":"AZRAQ GROUP"},"image":{"@id":"https:\/\/azraqgroup.com\/fr\/#\/schema\/logo\/image\/"},"sameAs":["https:\/\/www.instagram.com\/azraqgroup","https:\/\/www.linkedin.com\/company\/azraq-group\/"]}]}},"_links":{"self":[{"href":"https:\/\/azraqgroup.com\/fr\/wp-json\/wp\/v2\/pages\/2868","targetHints":{"allow":["GET"]}}],"collection":[{"href":"https:\/\/azraqgroup.com\/fr\/wp-json\/wp\/v2\/pages"}],"about":[{"href":"https:\/\/azraqgroup.com\/fr\/wp-json\/wp\/v2\/types\/page"}],"author":[{"embeddable":true,"href":"https:\/\/azraqgroup.com\/fr\/wp-json\/wp\/v2\/users\/1"}],"replies":[{"embeddable":true,"href":"https:\/\/azraqgroup.com\/fr\/wp-json\/wp\/v2\/comments?post=2868"}],"version-history":[{"count":6,"href":"https:\/\/azraqgroup.com\/fr\/wp-json\/wp\/v2\/pages\/2868\/revisions"}],"predecessor-version":[{"id":4211,"href":"https:\/\/azraqgroup.com\/fr\/wp-json\/wp\/v2\/pages\/2868\/revisions\/4211"}],"wp:attachment":[{"href":"https:\/\/azraqgroup.com\/fr\/wp-json\/wp\/v2\/media?parent=2868"}],"curies":[{"name":"wp","href":"https:\/\/api.w.org\/{rel}","templated":true}]}}