{"id":3899,"date":"2025-10-07T15:41:25","date_gmt":"2025-10-07T11:41:25","guid":{"rendered":"https:\/\/azraqgroup.com\/experiences\/"},"modified":"2025-12-17T12:44:59","modified_gmt":"2025-12-17T08:44:59","slug":"voyages-exception","status":"publish","type":"page","link":"https:\/\/azraqgroup.com\/fr\/voyages-exception\/","title":{"rendered":"Exp\u00e9rience de voyage d\u2019exception"},"content":{"rendered":"<p><div class=\"et_d4_element et_pb_section et_pb_section_0 et_pb_with_background  et_pb_css_mix_blend_mode et_section_regular et_block_section\" >\n\t\t\t\t\n\t\t\t\t\n\t\t\t\t\n\t\t\t\t\n\t\t\t\t\n\t\t\t\t\n\t\t\t\t<div class=\"et_d4_element et_pb_row et_pb_row_0 et_pb_gutters1  et_pb_css_mix_blend_mode et_block_row\">\n\t\t\t\t<div class=\"et_d4_element et_pb_column_4_4 et_pb_column et_pb_column_0  et_pb_css_mix_blend_mode et-last-child et_block_column\">\n\t\t\t\t\n\t\t\t\t\n\t\t\t\t\n\t\t\t\t\n\t\t\t\t<div class=\"et_pb_module et_d4_element et_pb_text et_pb_text_0  et_pb_text_align_left et_pb_bg_layout_light\">\n\t\t\t\t\n\t\t\t\t\n\t\t\t\t\n\t\t\t\t\n\t\t\t\t<div class=\"et_pb_text_inner\"><h2><span>Explorez le monde \u00e0 votre fa\u00e7on<\/span><\/h2><\/div>\n\t\t\t<\/div><div class=\"et_pb_module et_d4_element et_pb_text et_pb_text_1  et_pb_text_align_left et_pb_bg_layout_light\">\n\t\t\t\t\n\t\t\t\t\n\t\t\t\t\n\t\t\t\t\n\t\t\t\t<div class=\"et_pb_text_inner\"><h1><span>VOYAGES D'EXCEPTION<br \/>\n<\/span><\/h1><\/div>\n\t\t\t<\/div><div class=\"et_pb_button_module_wrapper et_pb_button_0_wrapper et_pb_button_alignment_center et_pb_module  dbdb-icon-on-right dbdb-icon-on-hover dbdb-has-custom-padding\">\n\t\t\t\t<a class=\"et_pb_button et_d4_element et_pb_button_0 et_pb_bg_layout_light et_block_module\" href=\"#travel\">En savoir plus<\/a>\n\t\t\t<\/div>\n\t\t\t<\/div>\n\t\t\t\t\n\t\t\t\t\n\t\t\t\t\n\t\t\t\t\n\t\t\t<\/div>\n\t\t\t\t\n\t\t\t\t\n\t\t\t<\/div><div id=\"travel\" class=\"et_d4_element et_pb_section et_pb_section_1 et_pb_with_background  et_pb_css_mix_blend_mode et_section_regular et_block_section\" >\n\t\t\t\t\n\t\t\t\t\n\t\t\t\t\n\t\t\t\t\n\t\t\t\t\n\t\t\t\t\n\t\t\t\t<div id=\"concierge-servicies\" class=\"et_d4_element et_pb_row et_pb_row_1 et_pb_gutters3  et_pb_css_mix_blend_mode et_block_row\">\n\t\t\t\t<div class=\"et_d4_element et_pb_column_1_2 et_pb_column et_pb_column_1  et_pb_css_mix_blend_mode et_block_column\">\n\t\t\t\t\n\t\t\t\t\n\t\t\t\t\n\t\t\t\t\n\t\t\t\t<div class=\"et_pb_module et_d4_element et_pb_image et_pb_image_0\">\n\t\t\t\t\n\t\t\t\t\n\t\t\t\t\n\t\t\t\t\n\t\t\t\t<span class=\"et_pb_image_wrap \"><img loading=\"lazy\" decoding=\"async\" width=\"600\" height=\"800\" src=\"https:\/\/azraqgroup.com\/wp-content\/uploads\/2025\/11\/azraq-voyage-travel-family.jpg\" alt=\"\" title=\"azraq-voyage-travel-family\" srcset=\"https:\/\/azraqgroup.com\/wp-content\/uploads\/2025\/11\/azraq-voyage-travel-family.jpg 600w, https:\/\/azraqgroup.com\/wp-content\/uploads\/2025\/11\/azraq-voyage-travel-family-480x640.jpg 480w\" sizes=\"(min-width: 0px) and (max-width: 480px) 480px, (min-width: 481px) 600px, 100vw\" class=\"wp-image-4079\" \/><\/span>\n\t\t\t<\/div><div class=\"et_pb_module et_d4_element et_pb_text et_pb_text_2  et_pb_text_align_left et_pb_bg_layout_light\">\n\t\t\t\t\n\t\t\t\t\n\t\t\t\t\n\t\t\t\t\n\t\t\t\t<div class=\"et_pb_text_inner\"><h2>Nos services<\/h2>\n<h3>Un voyage \u00e0 l\u2019image de vos go\u00fbts uniques.<\/h3><\/div>\n\t\t\t<\/div><div class=\"et_pb_module et_d4_element et_pb_text et_pb_text_3  et_pb_text_align_left et_pb_bg_layout_light\">\n\t\t\t\t\n\t\t\t\t\n\t\t\t\t\n\t\t\t\t\n\t\t\t\t<div class=\"et_pb_text_inner\"><p class=\"elementor-heading-title elementor-size-default\" style=\"text-align: right;\">Chez Azraq, nous croyons que le voyage doit \u00eatre bien plus qu\u2019un simple d\u00e9placement d\u2019un lieu \u00e0 un autre : il doit devenir une exp\u00e9rience qui refl\u00e8te vos go\u00fbts uniques, vos passions et votre art de vivre. C\u2019est pourquoi chaque exp\u00e9rience que nous concevons est fa\u00e7onn\u00e9e avec soin, pr\u00e9cision et un sens aigu de l\u2019exception. D\u00e8s les premiers instants de la planification, notre \u00e9quipe veille \u00e0 ce qu\u2019aucun d\u00e9tail ne soit laiss\u00e9 au hasard, afin que vous puissiez vous consacrer pleinement au plaisir de l\u2019exp\u00e9rience.  <\/p><\/div>\n\t\t\t<\/div>\n\t\t\t<\/div><div class=\"et_d4_element et_pb_column_1_2 et_pb_column et_pb_column_2  et_pb_css_mix_blend_mode et-last-child et_block_column\">\n\t\t\t\t\n\t\t\t\t\n\t\t\t\t\n\t\t\t\t\n\t\t\t\t<div class=\"et_pb_module et_d4_element et_pb_image et_pb_image_1\">\n\t\t\t\t\n\t\t\t\t\n\t\t\t\t\n\t\t\t\t\n\t\t\t\t<span class=\"et_pb_image_wrap \"><img loading=\"lazy\" decoding=\"async\" width=\"686\" height=\"800\" src=\"https:\/\/azraqgroup.com\/wp-content\/uploads\/2025\/11\/azraq-voyage-swimmingpool.jpg\" alt=\"\" title=\"azraq-voyage-swimmingpool\" srcset=\"https:\/\/azraqgroup.com\/wp-content\/uploads\/2025\/11\/azraq-voyage-swimmingpool.jpg 686w, https:\/\/azraqgroup.com\/wp-content\/uploads\/2025\/11\/azraq-voyage-swimmingpool-480x560.jpg 480w\" sizes=\"(min-width: 0px) and (max-width: 480px) 480px, (min-width: 481px) 686px, 100vw\" class=\"wp-image-4081\" \/><\/span>\n\t\t\t<\/div>\n\t\t\t<\/div>\n\t\t\t\t\n\t\t\t\t\n\t\t\t\t\n\t\t\t\t\n\t\t\t<\/div>\n\t\t\t\t\n\t\t\t\t\n\t\t\t<\/div><div class=\"et_d4_element et_pb_section et_pb_section_2 et_pb_with_background  et_pb_css_mix_blend_mode et_section_regular et_block_section\" >\n\t\t\t\t\n\t\t\t\t\n\t\t\t\t\n\t\t\t\t\n\t\t\t\t\n\t\t\t\t\n\t\t\t\t<div class=\"et_d4_element et_pb_row et_pb_row_2 inverse  et_pb_css_mix_blend_mode et_block_row\">\n\t\t\t\t<div class=\"et_d4_element et_pb_column_2_5 et_pb_column et_pb_column_3  et_pb_css_mix_blend_mode et_block_column\">\n\t\t\t\t\n\t\t\t\t\n\t\t\t\t\n\t\t\t\t\n\t\t\t\t<div class=\"et_pb_module et_d4_element et_pb_image et_pb_image_2\">\n\t\t\t\t\n\t\t\t\t\n\t\t\t\t\n\t\t\t\t\n\t\t\t\t<span class=\"et_pb_image_wrap \"><img loading=\"lazy\" decoding=\"async\" width=\"800\" height=\"600\" src=\"https:\/\/azraqgroup.com\/wp-content\/uploads\/2025\/11\/azraq-voyage-services-2.jpg\" alt=\"\" title=\"azraq-voyage-services-2\" srcset=\"https:\/\/azraqgroup.com\/wp-content\/uploads\/2025\/11\/azraq-voyage-services-2.jpg 800w, https:\/\/azraqgroup.com\/wp-content\/uploads\/2025\/11\/azraq-voyage-services-2-480x360.jpg 480w\" sizes=\"(min-width: 0px) and (max-width: 480px) 480px, (min-width: 481px) 800px, 100vw\" class=\"wp-image-4083\" \/><\/span>\n\t\t\t<\/div>\n\t\t\t<\/div><div class=\"et_d4_element et_pb_column_3_5 et_pb_column et_pb_column_4  et_pb_css_mix_blend_mode et-last-child et_block_column\">\n\t\t\t\t\n\t\t\t\t\n\t\t\t\t\n\t\t\t\t\n\t\t\t\t<div class=\"et_pb_module et_d4_element et_pb_text et_pb_text_4  et_pb_text_align_left et_pb_bg_layout_light\">\n\t\t\t\t\n\t\t\t\t\n\t\t\t\t\n\t\t\t\t\n\t\t\t\t<div class=\"et_pb_text_inner\"><p data-start=\"54\" data-end=\"559\">En tant que membre Azraq, vous acc\u00e9dez \u00e0 un univers priv\u00e9 o\u00f9 chaque voyage est con\u00e7u avec une pr\u00e9cision et un raffinement d\u2019exception. Itin\u00e9raires sur mesure \u00e0 travers l\u2019Europe et les \u00c9mirats arabes unis, transferts priv\u00e9s en toute fluidit\u00e9, r\u00e9servations dans les tables les plus convoit\u00e9es, acc\u00e8s exclusif \u00e0 des lieux culturels embl\u00e9matiques et \u00e0 des tr\u00e9sors confidentiels \u2014 chaque d\u00e9tail est pens\u00e9 pour sublimer votre exp\u00e9rience de voyage.<br \/>Des retraites bien-\u00eatre aux demandes les plus personnalis\u00e9es, telles que des yachts priv\u00e9s, des c\u00e9l\u00e9brations intimistes ou des \u00e9v\u00e9nements uniques dans une vie, votre concierge d\u00e9di\u00e9 transforme chacune de vos envies en r\u00e9alit\u00e9.  <\/p>\n<p data-start=\"561\" data-end=\"930\" data-is-last-node=\"\" data-is-only-node=\"\">Votre adh\u00e9sion vous ouvre \u00e9galement l\u2019acc\u00e8s \u00e0 une s\u00e9lection de privil\u00e8ges exclusifs : tarifs pr\u00e9f\u00e9rentiels dans les plus grands h\u00f4tels de luxe, petit-d\u00e9jeuner quotidien offert, cr\u00e9dits resort, arriv\u00e9e anticip\u00e9e et d\u00e9part tardif, transports VIP pour certaines exp\u00e9riences, ainsi qu\u2019un acc\u00e8s r\u00e9serv\u00e9 \u00e0 des \u00e9v\u00e9nements exclusivement d\u00e9di\u00e9s aux membres.<br \/>Bien plus qu\u2019un service, Azraq est votre signature d\u2019un voyage d\u2019exception \u2014 fluide, sans effort et enti\u00e8rement personnalis\u00e9. <\/p><\/div>\n\t\t\t<\/div><div class=\"et_pb_button_module_wrapper et_pb_button_1_wrapper et_pb_button_alignment_left et_pb_module  dbdb-icon-on-right dbdb-icon-on-hover dbdb-has-custom-padding\">\n\t\t\t\t<a class=\"et_pb_button et_d4_element et_pb_button_1 et_pb_bg_layout_light et_block_module\" href=\"https:\/\/azraqgroup.com\/fr\/membre-prive\/\">Rejoindre le cercle<\/a>\n\t\t\t<\/div>\n\t\t\t<\/div>\n\t\t\t\t\n\t\t\t\t\n\t\t\t\t\n\t\t\t\t\n\t\t\t<\/div>\n\t\t\t\t\n\t\t\t\t\n\t\t\t<\/div><div class=\"et_d4_element et_pb_section et_pb_section_3 et_pb_with_background  et_pb_css_mix_blend_mode et_section_regular et_block_section\" >\n\t\t\t\t\n\t\t\t\t\n\t\t\t\t\n\t\t\t\t\n\t\t\t\t\n\t\t\t\t\n\t\t\t\t<div id=\"packages-tours\" class=\"et_d4_element et_pb_row et_pb_row_3  et_pb_css_mix_blend_mode et_block_row\">\n\t\t\t\t<div class=\"et_d4_element et_pb_column_4_4 et_pb_column et_pb_column_5  et_pb_css_mix_blend_mode et-last-child et_block_column\">\n\t\t\t\t\n\t\t\t\t\n\t\t\t\t\n\t\t\t\t\n\t\t\t\t<div class=\"et_pb_module et_d4_element et_pb_heading et_pb_heading_0 et_pb_bg_layout_\">\n\t\t\t\t\n\t\t\t\t\n\t\t\t\t\n\t\t\t\t\n\t\t\t\t<div class=\"et_pb_heading_container\"><h2 class=\"et_pb_module_heading\">Forfaits et packages<\/h2><\/div>\n\t\t\t<\/div><div class=\"et_pb_module et_d4_element et_pb_text et_pb_text_5  et_pb_text_align_center et_pb_bg_layout_light\">\n\t\t\t\t\n\t\t\t\t\n\t\t\t\t\n\t\t\t\t\n\t\t\t\t<div class=\"et_pb_text_inner\"><p>Des propri\u00e9t\u00e9s exclusives et s\u00e9jours soigneusement s\u00e9lectionn\u00e9s aux transferts priv\u00e9s et exp\u00e9riences uniques \u00e0 travers l\u2019Europe et les \u00c9mirats arabes unis, Azraq con\u00e7oit des voyages inoubliables, imagin\u00e9s exclusivement pour vous. Explorez nos itin\u00e9raires sugg\u00e9r\u00e9s pour vous inspirer, puis contactez-nous afin de cr\u00e9er ensemble un voyage qui vous ressemble pleinement. <\/p><\/div>\n\t\t\t<\/div>\n\t\t\t<\/div>\n\t\t\t\t\n\t\t\t\t\n\t\t\t\t\n\t\t\t\t\n\t\t\t<\/div><div class=\"et_d4_element et_pb_row et_pb_row_4 et_pb_equal_columns  et_pb_css_mix_blend_mode et_block_row\">\n\t\t\t\t<div class=\"et_pb_with_border et_pb_column_1_3 et_d4_element et_pb_column et_pb_column_6  et_pb_css_mix_blend_mode et_block_column\">\n\t\t\t\t\n\t\t\t\t\n\t\t\t\t\n\t\t\t\t\n\t\t\t\t<div class=\"et_pb_module et_d4_element et_pb_image et_pb_image_3\">\n\t\t\t\t\n\t\t\t\t\n\t\t\t\t\n\t\t\t\t\n\t\t\t\t<span class=\"et_pb_image_wrap \"><img loading=\"lazy\" decoding=\"async\" width=\"800\" height=\"800\" src=\"https:\/\/azraqgroup.com\/wp-content\/uploads\/2025\/10\/travel-experience_packages-tours_utltimate-serendipity-uae-experience.webp\" alt=\"\" title=\"travel-experience_packages-tours_utltimate-serendipity-uae-experience\" srcset=\"https:\/\/azraqgroup.com\/wp-content\/uploads\/2025\/10\/travel-experience_packages-tours_utltimate-serendipity-uae-experience.webp 800w, https:\/\/azraqgroup.com\/wp-content\/uploads\/2025\/10\/travel-experience_packages-tours_utltimate-serendipity-uae-experience-480x480.webp 480w\" sizes=\"(min-width: 0px) and (max-width: 480px) 480px, (min-width: 481px) 800px, 100vw\" class=\"wp-image-3287\" \/><\/span>\n\t\t\t<\/div><div class=\"et_pb_with_border et_pb_module et_d4_element et_pb_text et_pb_text_6  et_pb_text_align_center et_pb_bg_layout_light\">\n\t\t\t\t\n\t\t\t\t\n\t\t\t\t\n\t\t\t\t\n\t\t\t\t<div class=\"et_pb_text_inner\"><p>9 NUITS<\/p>\n<p>&nbsp;<\/p>\n<h3> Serendipity UAE<br \/>Experience<\/h3><\/div>\n\t\t\t<\/div><div class=\"et_pb_button_module_wrapper et_pb_button_2_wrapper et_pb_button_alignment_center et_pb_module  dbdb-icon-on-right dbdb-icon-on-hover dbdb-has-custom-padding\">\n\t\t\t\t<a class=\"et_pb_button et_d4_element et_pb_button_2 et_pb_bg_layout_light et_block_module\" href=\"https:\/\/azraqgroup.com\/fr\/voyages-exception\/lultime-experience-de-serendipite-aux-emirats-arabes-unis\/\">VOIR L&amp;apos;ITIN\u00c9RAIRE<\/a>\n\t\t\t<\/div>\n\t\t\t<\/div><div class=\"et_pb_with_border et_pb_column_1_3 et_d4_element et_pb_column et_pb_column_7  et_pb_css_mix_blend_mode et_block_column\">\n\t\t\t\t\n\t\t\t\t\n\t\t\t\t\n\t\t\t\t\n\t\t\t\t<div class=\"et_pb_module et_d4_element et_pb_image et_pb_image_4\">\n\t\t\t\t\n\t\t\t\t\n\t\t\t\t\n\t\t\t\t\n\t\t\t\t<span class=\"et_pb_image_wrap \"><img loading=\"lazy\" decoding=\"async\" width=\"800\" height=\"800\" src=\"https:\/\/azraqgroup.com\/wp-content\/uploads\/2025\/10\/travel-experience_packages-tours_summer-alps.webp\" alt=\"\" title=\"travel-experience_packages-tours_summer-alps\" srcset=\"https:\/\/azraqgroup.com\/wp-content\/uploads\/2025\/10\/travel-experience_packages-tours_summer-alps.webp 800w, https:\/\/azraqgroup.com\/wp-content\/uploads\/2025\/10\/travel-experience_packages-tours_summer-alps-480x480.webp 480w\" sizes=\"(min-width: 0px) and (max-width: 480px) 480px, (min-width: 481px) 800px, 100vw\" class=\"wp-image-3284\" \/><\/span>\n\t\t\t<\/div><div class=\"et_pb_with_border et_pb_module et_d4_element et_pb_text et_pb_text_7  et_pb_text_align_center et_pb_bg_layout_light\">\n\t\t\t\t\n\t\t\t\t\n\t\t\t\t\n\t\t\t\t\n\t\t\t\t<div class=\"et_pb_text_inner\"><p>9 NUITS<\/p>\n<p><\/p>\n<h3>L\u2019Exp\u00e9rience S\u00e9rendipit\u00e9 d\u2019\u00c9t\u00e9 dans les Alpes<\/h3><\/div>\n\t\t\t<\/div>\n\t\t\t<\/div><div class=\"et_pb_with_border et_pb_column_1_3 et_d4_element et_pb_column et_pb_column_8  et_pb_css_mix_blend_mode et-last-child et_block_column\">\n\t\t\t\t\n\t\t\t\t\n\t\t\t\t\n\t\t\t\t\n\t\t\t\t<div class=\"et_pb_module et_d4_element et_pb_image et_pb_image_5\">\n\t\t\t\t\n\t\t\t\t\n\t\t\t\t\n\t\t\t\t\n\t\t\t\t<span class=\"et_pb_image_wrap \"><img loading=\"lazy\" decoding=\"async\" width=\"800\" height=\"800\" src=\"https:\/\/azraqgroup.com\/wp-content\/uploads\/2025\/10\/travel-experience_packages-tours_winter-alps.webp\" alt=\"\" title=\"travel-experience_packages-tours_winter-alps\" srcset=\"https:\/\/azraqgroup.com\/wp-content\/uploads\/2025\/10\/travel-experience_packages-tours_winter-alps.webp 800w, https:\/\/azraqgroup.com\/wp-content\/uploads\/2025\/10\/travel-experience_packages-tours_winter-alps-480x480.webp 480w\" sizes=\"(min-width: 0px) and (max-width: 480px) 480px, (min-width: 481px) 800px, 100vw\" class=\"wp-image-3290\" \/><\/span>\n\t\t\t<\/div><div class=\"et_pb_with_border et_pb_module et_d4_element et_pb_text et_pb_text_8  et_pb_text_align_center et_pb_bg_layout_light\">\n\t\t\t\t\n\t\t\t\t\n\t\t\t\t\n\t\t\t\t\n\t\t\t\t<div class=\"et_pb_text_inner\"><p>9 NUITS<\/p>\n<p><\/p>\n<h3>Exp\u00e9rience hiver dans les Alpes<\/h3><\/div>\n\t\t\t<\/div>\n\t\t\t<\/div>\n\t\t\t\t\n\t\t\t\t\n\t\t\t\t\n\t\t\t\t\n\t\t\t<\/div><div class=\"et_d4_element et_pb_row et_pb_row_5 et_pb_equal_columns  et_pb_css_mix_blend_mode et_block_row\">\n\t\t\t\t<div class=\"et_pb_with_border et_pb_column_1_4 et_d4_element et_pb_column et_pb_column_9  et_pb_css_mix_blend_mode et_block_column\">\n\t\t\t\t\n\t\t\t\t\n\t\t\t\t\n\t\t\t\t\n\t\t\t\t<div class=\"et_pb_module et_d4_element et_pb_image et_pb_image_6\">\n\t\t\t\t\n\t\t\t\t\n\t\t\t\t\n\t\t\t\t\n\t\t\t\t<span class=\"et_pb_image_wrap \"><img loading=\"lazy\" decoding=\"async\" width=\"800\" height=\"800\" src=\"https:\/\/azraqgroup.com\/wp-content\/uploads\/2025\/10\/travel-experience_packages-tours_french-riviera-experience.webp\" alt=\"\" title=\"travel-experience_packages-tours_french-riviera-experience\" srcset=\"https:\/\/azraqgroup.com\/wp-content\/uploads\/2025\/10\/travel-experience_packages-tours_french-riviera-experience.webp 800w, https:\/\/azraqgroup.com\/wp-content\/uploads\/2025\/10\/travel-experience_packages-tours_french-riviera-experience-480x480.webp 480w\" sizes=\"(min-width: 0px) and (max-width: 480px) 480px, (min-width: 481px) 800px, 100vw\" class=\"wp-image-3281\" \/><\/span>\n\t\t\t<\/div><div class=\"et_pb_with_border et_pb_module et_d4_element et_pb_text et_pb_text_9  et_pb_text_align_center et_pb_bg_layout_light\">\n\t\t\t\t\n\t\t\t\t\n\t\t\t\t\n\t\t\t\t\n\t\t\t\t<div class=\"et_pb_text_inner\"><p>4 NUITS<\/p>\n<p><\/p>\n<h3>C\u00f4te d'Azur Experience <\/h3><\/div>\n\t\t\t<\/div>\n\t\t\t<\/div><div class=\"et_pb_with_border et_pb_column_1_4 et_d4_element et_pb_column et_pb_column_10  et_pb_css_mix_blend_mode et_block_column\">\n\t\t\t\t\n\t\t\t\t\n\t\t\t\t\n\t\t\t\t\n\t\t\t\t<div class=\"et_pb_module et_d4_element et_pb_image et_pb_image_7\">\n\t\t\t\t\n\t\t\t\t\n\t\t\t\t\n\t\t\t\t\n\t\t\t\t<span class=\"et_pb_image_wrap \"><img loading=\"lazy\" decoding=\"async\" width=\"800\" height=\"800\" src=\"https:\/\/azraqgroup.com\/wp-content\/uploads\/2025\/10\/travel-experience_packages-tours_annecy-lake.webp\" alt=\"\" title=\"travel-experience_packages-tours_annecy-lake\" srcset=\"https:\/\/azraqgroup.com\/wp-content\/uploads\/2025\/10\/travel-experience_packages-tours_annecy-lake.webp 800w, https:\/\/azraqgroup.com\/wp-content\/uploads\/2025\/10\/travel-experience_packages-tours_annecy-lake-480x480.webp 480w\" sizes=\"(min-width: 0px) and (max-width: 480px) 480px, (min-width: 481px) 800px, 100vw\" class=\"wp-image-3275\" \/><\/span>\n\t\t\t<\/div><div class=\"et_pb_with_border et_pb_module et_d4_element et_pb_text et_pb_text_10  et_pb_text_align_center et_pb_bg_layout_light\">\n\t\t\t\t\n\t\t\t\t\n\t\t\t\t\n\t\t\t\t\n\t\t\t\t<div class=\"et_pb_text_inner\"><p>4 NUITS<\/p>\n<p>&nbsp;<\/p>\n<h3>Annecy<br \/>experience<\/h3><\/div>\n\t\t\t<\/div>\n\t\t\t<\/div><div class=\"et_pb_with_border et_pb_column_1_4 et_d4_element et_pb_column et_pb_column_11  et_pb_css_mix_blend_mode et_block_column\">\n\t\t\t\t\n\t\t\t\t\n\t\t\t\t\n\t\t\t\t\n\t\t\t\t<div class=\"et_pb_module et_d4_element et_pb_image et_pb_image_8\">\n\t\t\t\t\n\t\t\t\t\n\t\t\t\t\n\t\t\t\t\n\t\t\t\t<span class=\"et_pb_image_wrap \"><img loading=\"lazy\" decoding=\"async\" width=\"800\" height=\"800\" src=\"https:\/\/azraqgroup.com\/wp-content\/uploads\/2025\/10\/travel-experience_packages-tours_chamonix-experience.webp\" alt=\"\" title=\"travel-experience_packages-tours_chamonix-experience\" srcset=\"https:\/\/azraqgroup.com\/wp-content\/uploads\/2025\/10\/travel-experience_packages-tours_chamonix-experience.webp 800w, https:\/\/azraqgroup.com\/wp-content\/uploads\/2025\/10\/travel-experience_packages-tours_chamonix-experience-480x480.webp 480w\" sizes=\"(min-width: 0px) and (max-width: 480px) 480px, (min-width: 481px) 800px, 100vw\" class=\"wp-image-3278\" \/><\/span>\n\t\t\t<\/div><div class=\"et_pb_with_border et_pb_module et_d4_element et_pb_text et_pb_text_11  et_pb_text_align_center et_pb_bg_layout_light\">\n\t\t\t\t\n\t\t\t\t\n\t\t\t\t\n\t\t\t\t\n\t\t\t\t<div class=\"et_pb_text_inner\"><p>4 NUITS<\/p>\n<p><\/p>\n<h3> Chamonix Experience<\/h3><\/div>\n\t\t\t<\/div>\n\t\t\t<\/div>\n\t\t\t\t\n\t\t\t\t\n\t\t\t\t\n\t\t\t\t\n\t\t\t<\/div>\n\t\t\t\t\n\t\t\t\t\n\t\t\t<\/div><div class=\"et_d4_element et_pb_section et_pb_section_4 et_pb_with_background  et_pb_css_mix_blend_mode et_section_regular et_block_section\" >\n\t\t\t\t\n\t\t\t\t\n\t\t\t\t\n\t\t\t\t\n\t\t\t\t\n\t\t\t\t\n\t\t\t\t<div class=\"et_d4_element et_pb_row et_pb_row_6  et_pb_css_mix_blend_mode et_block_row\">\n\t\t\t\t<div class=\"et_d4_element et_pb_column_4_4 et_pb_column et_pb_column_13  et_pb_css_mix_blend_mode et-last-child et_block_column\">\n\t\t\t\t\n\t\t\t\t\n\t\t\t\t\n\t\t\t\t\n\t\t\t\t<div class=\"et_pb_module et_d4_element et_pb_text et_pb_text_12  et_pb_text_align_left et_pb_bg_layout_light\">\n\t\t\t\t\n\t\t\t\t\n\t\t\t\t\n\t\t\t\t\n\t\t\t\t<div class=\"et_pb_text_inner\"><h2>Nos partenaires<\/h2>\n<h3>Pour une exp\u00e9rience unique<\/h3><\/div>\n\t\t\t<\/div>\n\t\t\t<\/div>\n\t\t\t\t\n\t\t\t\t\n\t\t\t\t\n\t\t\t\t\n\t\t\t<\/div>\n\t\t\t\t\n\t\t\t\t\n\t\t\t<\/div><\/p>\n","protected":false},"excerpt":{"rendered":"","protected":false},"author":1,"featured_media":0,"parent":0,"menu_order":0,"comment_status":"closed","ping_status":"closed","template":"","meta":{"_acf_changed":false,"inline_featured_image":false,"_et_pb_use_builder":"on","_et_pb_old_content":"","_et_gb_content_width":"","footnotes":""},"class_list":["post-3899","page","type-page","status-publish","hentry"],"acf":[],"yoast_head":"<!-- This site is optimized with the Yoast SEO plugin v27.1.1 - https:\/\/yoast.com\/product\/yoast-seo-wordpress\/ -->\n<title>Exp\u00e9rience de voyage d\u2019exception - AZRAQ<\/title>\n<meta name=\"robots\" content=\"index, follow, max-snippet:-1, max-image-preview:large, max-video-preview:-1\" \/>\n<link rel=\"canonical\" href=\"https:\/\/azraqgroup.com\/fr\/voyages-exception\/\" \/>\n<meta property=\"og:locale\" content=\"fr_FR\" \/>\n<meta property=\"og:type\" content=\"article\" \/>\n<meta property=\"og:title\" content=\"Exp\u00e9rience de voyage d\u2019exception - AZRAQ\" \/>\n<meta property=\"og:url\" content=\"https:\/\/azraqgroup.com\/fr\/voyages-exception\/\" \/>\n<meta property=\"og:site_name\" content=\"AZRAQ\" \/>\n<meta property=\"article:modified_time\" content=\"2025-12-17T08:44:59+00:00\" \/>\n<meta name=\"twitter:card\" content=\"summary_large_image\" \/>\n<meta name=\"twitter:label1\" content=\"Dur\u00e9e de lecture estim\u00e9e\" \/>\n\t<meta name=\"twitter:data1\" content=\"5 minutes\" \/>\n<script type=\"application\/ld+json\" class=\"yoast-schema-graph\">{\"@context\":\"https:\/\/schema.org\",\"@graph\":[{\"@type\":\"WebPage\",\"@id\":\"https:\/\/azraqgroup.com\/fr\/voyages-exception\/\",\"url\":\"https:\/\/azraqgroup.com\/fr\/voyages-exception\/\",\"name\":\"Exp\u00e9rience de voyage d\u2019exception - AZRAQ\",\"isPartOf\":{\"@id\":\"https:\/\/azraqgroup.com\/fr\/#website\"},\"datePublished\":\"2025-10-07T11:41:25+00:00\",\"dateModified\":\"2025-12-17T08:44:59+00:00\",\"breadcrumb\":{\"@id\":\"https:\/\/azraqgroup.com\/fr\/voyages-exception\/#breadcrumb\"},\"inLanguage\":\"fr-FR\",\"potentialAction\":[{\"@type\":\"ReadAction\",\"target\":[\"https:\/\/azraqgroup.com\/fr\/voyages-exception\/\"]}]},{\"@type\":\"BreadcrumbList\",\"@id\":\"https:\/\/azraqgroup.com\/fr\/voyages-exception\/#breadcrumb\",\"itemListElement\":[{\"@type\":\"ListItem\",\"position\":1,\"name\":\"Home\",\"item\":\"https:\/\/azraqgroup.com\/fr\/azraq-2\/\"},{\"@type\":\"ListItem\",\"position\":2,\"name\":\"Exp\u00e9rience de voyage d\u2019exception\"}]},{\"@type\":\"WebSite\",\"@id\":\"https:\/\/azraqgroup.com\/fr\/#website\",\"url\":\"https:\/\/azraqgroup.com\/fr\/\",\"name\":\"AZRAQ\",\"description\":\"\",\"publisher\":{\"@id\":\"https:\/\/azraqgroup.com\/fr\/#organization\"},\"potentialAction\":[{\"@type\":\"SearchAction\",\"target\":{\"@type\":\"EntryPoint\",\"urlTemplate\":\"https:\/\/azraqgroup.com\/fr\/?s={search_term_string}\"},\"query-input\":{\"@type\":\"PropertyValueSpecification\",\"valueRequired\":true,\"valueName\":\"search_term_string\"}}],\"inLanguage\":\"fr-FR\"},{\"@type\":\"Organization\",\"@id\":\"https:\/\/azraqgroup.com\/fr\/#organization\",\"name\":\"AZRAQ GROUP\",\"url\":\"https:\/\/azraqgroup.com\/fr\/\",\"logo\":{\"@type\":\"ImageObject\",\"inLanguage\":\"fr-FR\",\"@id\":\"https:\/\/azraqgroup.com\/fr\/#\/schema\/logo\/image\/\",\"url\":\"https:\/\/azraqgroup.com\/wp-content\/uploads\/2024\/05\/favicon.png\",\"contentUrl\":\"https:\/\/azraqgroup.com\/wp-content\/uploads\/2024\/05\/favicon.png\",\"width\":2134,\"height\":2134,\"caption\":\"AZRAQ GROUP\"},\"image\":{\"@id\":\"https:\/\/azraqgroup.com\/fr\/#\/schema\/logo\/image\/\"},\"sameAs\":[\"https:\/\/www.instagram.com\/azraqgroup\",\"https:\/\/www.linkedin.com\/company\/azraq-group\/\"]}]}<\/script>\n<!-- \/ Yoast SEO plugin. -->","yoast_head_json":{"title":"Exp\u00e9rience de voyage d\u2019exception - AZRAQ","robots":{"index":"index","follow":"follow","max-snippet":"max-snippet:-1","max-image-preview":"max-image-preview:large","max-video-preview":"max-video-preview:-1"},"canonical":"https:\/\/azraqgroup.com\/fr\/voyages-exception\/","og_locale":"fr_FR","og_type":"article","og_title":"Exp\u00e9rience de voyage d\u2019exception - AZRAQ","og_url":"https:\/\/azraqgroup.com\/fr\/voyages-exception\/","og_site_name":"AZRAQ","article_modified_time":"2025-12-17T08:44:59+00:00","twitter_card":"summary_large_image","twitter_misc":{"Dur\u00e9e de lecture estim\u00e9e":"5 minutes"},"schema":{"@context":"https:\/\/schema.org","@graph":[{"@type":"WebPage","@id":"https:\/\/azraqgroup.com\/fr\/voyages-exception\/","url":"https:\/\/azraqgroup.com\/fr\/voyages-exception\/","name":"Exp\u00e9rience de voyage d\u2019exception - AZRAQ","isPartOf":{"@id":"https:\/\/azraqgroup.com\/fr\/#website"},"datePublished":"2025-10-07T11:41:25+00:00","dateModified":"2025-12-17T08:44:59+00:00","breadcrumb":{"@id":"https:\/\/azraqgroup.com\/fr\/voyages-exception\/#breadcrumb"},"inLanguage":"fr-FR","potentialAction":[{"@type":"ReadAction","target":["https:\/\/azraqgroup.com\/fr\/voyages-exception\/"]}]},{"@type":"BreadcrumbList","@id":"https:\/\/azraqgroup.com\/fr\/voyages-exception\/#breadcrumb","itemListElement":[{"@type":"ListItem","position":1,"name":"Home","item":"https:\/\/azraqgroup.com\/fr\/azraq-2\/"},{"@type":"ListItem","position":2,"name":"Exp\u00e9rience de voyage d\u2019exception"}]},{"@type":"WebSite","@id":"https:\/\/azraqgroup.com\/fr\/#website","url":"https:\/\/azraqgroup.com\/fr\/","name":"AZRAQ","description":"","publisher":{"@id":"https:\/\/azraqgroup.com\/fr\/#organization"},"potentialAction":[{"@type":"SearchAction","target":{"@type":"EntryPoint","urlTemplate":"https:\/\/azraqgroup.com\/fr\/?s={search_term_string}"},"query-input":{"@type":"PropertyValueSpecification","valueRequired":true,"valueName":"search_term_string"}}],"inLanguage":"fr-FR"},{"@type":"Organization","@id":"https:\/\/azraqgroup.com\/fr\/#organization","name":"AZRAQ GROUP","url":"https:\/\/azraqgroup.com\/fr\/","logo":{"@type":"ImageObject","inLanguage":"fr-FR","@id":"https:\/\/azraqgroup.com\/fr\/#\/schema\/logo\/image\/","url":"https:\/\/azraqgroup.com\/wp-content\/uploads\/2024\/05\/favicon.png","contentUrl":"https:\/\/azraqgroup.com\/wp-content\/uploads\/2024\/05\/favicon.png","width":2134,"height":2134,"caption":"AZRAQ GROUP"},"image":{"@id":"https:\/\/azraqgroup.com\/fr\/#\/schema\/logo\/image\/"},"sameAs":["https:\/\/www.instagram.com\/azraqgroup","https:\/\/www.linkedin.com\/company\/azraq-group\/"]}]}},"_links":{"self":[{"href":"https:\/\/azraqgroup.com\/fr\/wp-json\/wp\/v2\/pages\/3899","targetHints":{"allow":["GET"]}}],"collection":[{"href":"https:\/\/azraqgroup.com\/fr\/wp-json\/wp\/v2\/pages"}],"about":[{"href":"https:\/\/azraqgroup.com\/fr\/wp-json\/wp\/v2\/types\/page"}],"author":[{"embeddable":true,"href":"https:\/\/azraqgroup.com\/fr\/wp-json\/wp\/v2\/users\/1"}],"replies":[{"embeddable":true,"href":"https:\/\/azraqgroup.com\/fr\/wp-json\/wp\/v2\/comments?post=3899"}],"version-history":[{"count":12,"href":"https:\/\/azraqgroup.com\/fr\/wp-json\/wp\/v2\/pages\/3899\/revisions"}],"predecessor-version":[{"id":4207,"href":"https:\/\/azraqgroup.com\/fr\/wp-json\/wp\/v2\/pages\/3899\/revisions\/4207"}],"wp:attachment":[{"href":"https:\/\/azraqgroup.com\/fr\/wp-json\/wp\/v2\/media?parent=3899"}],"curies":[{"name":"wp","href":"https:\/\/api.w.org\/{rel}","templated":true}]}}